{"id":21,"date":"2023-10-24T23:32:04","date_gmt":"2023-10-24T21:32:04","guid":{"rendered":"https:\/\/vm-weblerma.obspm.fr\/api-ska\/?page_id=21"},"modified":"2023-10-26T18:33:45","modified_gmt":"2023-10-26T16:33:45","slug":"perimetre-daction-de-lapi-ska","status":"publish","type":"page","link":"https:\/\/vm-weblerma.obspm.fr\/api-ska\/","title":{"rendered":"Pr\u00e9sentation"},"content":{"rendered":"\n<p class=\"has-text-align-left\">Avec l\u2019\u00e9mergence de projets pr\u00e9curseurs et \u00e9claireurs du Square Kilometre Array (SKA), comme LOFAR, NenuFAR, MeerKAT ou ASKAP, la radioastronomie est entr\u00e9e dans une nouvelle \u00e8re.&nbsp;Les tr\u00e8s grandes quantit\u00e9s de donn\u00e9es produites par cette nouvelle g\u00e9n\u00e9ration d\u2019interf\u00e9rom\u00e8tres permettent de synth\u00e9tiser des cubes de donn\u00e9es caract\u00e9ris\u00e9s par des tr\u00e8s grands champs de vue (1-10 degr\u00e9s), des hautes r\u00e9solutions temporelles, spectrales et\/ou angulaires (jusqu\u2019\u00e0 0,1 \u00e0 10 secondes d\u2019arc suivant les instruments et les modes d\u2019observation), ainsi que de tr\u00e8s grandes sensibilit\u00e9s. La vitesse de relev\u00e9 de SKA (qui cumule ces caract\u00e9ristiques et quantifie la quantit\u00e9 d\u2019information accessible \u00e0 un instrument) sera de quatre ordres de grandeur sup\u00e9rieure \u00e0 la g\u00e9n\u00e9ration pr\u00e9c\u00e9dente de radiot\u00e9lescopes. En d\u00e9tectant le rayonnement produit par l\u2019\u00e9mission de l\u2019hydrog\u00e8ne neutre HI et les plasmas astrophysiques les plus \u00e9nerg\u00e9tiques (associ\u00e9s \u00e0 la formation stellaire, les objets compacts ou encore les jets, chocs et autres processus d\u2019acc\u00e9l\u00e9ration), SKA et ses pr\u00e9curseurs impacteront de mani\u00e8re significative la quasi totalit\u00e9 des domaines de l\u2019astrophysique et en particulier (i) la Cosmologie (en \u00e9tudiant l\u2019Univers de la r\u00e9ionisation jusqu\u2019aux \u00e2ges sombres, et en obtenant de nouvelles contraintes sur les mod\u00e8les cosmologiques), (ii) l\u2019\u00e9tude de gravitation en champs fort et des ondes gravitationnelles (par l\u2019analyse chronom\u00e9trique des syst\u00e8mes simples et multiples de pulsars), (iii) la compr\u00e9hension de la structure \u00e0 grande \u00e9chelle, des galaxies, des trous noirs supermassifs, (iv) la d\u00e9tection et l\u2019\u00e9tude des exoplan\u00e8tes, et (v) des champs magn\u00e9tiques cosmiques.<\/p>\n\n\n\n<p>SKA est devenu un TGIR, et la France participera au financement de la premi\u00e8re phase de sa construction. L\u2019OP et l\u2019Obervatoire Radioastronomique de Nan\u00e7ay (ORN) participent d\u00e9j\u00e0 de mani\u00e8re directe ou indirecte aux projets internationaux associ\u00e9s \u00e0 SKA et \u00e0 ses pr\u00e9curseurs et \u00e9claireurs. Des expertises uniques y ont \u00e9t\u00e9 d\u00e9velopp\u00e9es dans l\u2019instrumentation (construction et op\u00e9ration de NenuFAR), en traitement du signal pour l\u2019interf\u00e9rom\u00e9trie (construction des grands relev\u00e9s extragalactiques LOFAR, d\u00e9veloppement de m\u00e9thodes d\u2019apprentissage pour l\u2019analyse de cubes de donn\u00e9es), ou encore pour la chronom\u00e9trie haute pr\u00e9cision des pulsars avec le radiot\u00e9lescope d\u00e9cim\u00e9trique (NRT) en pr\u00e9paration \u00e0 SKA.<\/p>\n\n\n\n<div class=\"wp-block-group\"><div class=\"wp-block-group__inner-container is-layout-constrained wp-block-group-is-layout-constrained\"><\/div><\/div>\n","protected":false},"excerpt":{"rendered":"<p>Avec l\u2019\u00e9mergence de projets pr\u00e9curseurs et \u00e9claireurs du Square Kilometre Array (SKA), comme LOFAR, NenuFAR, MeerKAT ou ASKAP, la radioastronomie est entr\u00e9e dans une nouvelle \u00e8re.&nbsp;Les tr\u00e8s grandes quantit\u00e9s de donn\u00e9es produites par cette nouvelle g\u00e9n\u00e9ration d\u2019interf\u00e9rom\u00e8tres permettent de synth\u00e9tiser &hellip; <a href=\"https:\/\/vm-weblerma.obspm.fr\/api-ska\/\">Continuer la lecture <span class=\"meta-nav\">&rarr;<\/span><\/a><\/p>\n","protected":false},"author":47,"featured_media":0,"parent":0,"menu_order":0,"comment_status":"closed","ping_status":"closed","template":"","meta":{"footnotes":""},"class_list":["post-21","page","type-page","status-publish","hentry"],"_links":{"self":[{"href":"https:\/\/vm-weblerma.obspm.fr\/api-ska\/wp-json\/wp\/v2\/pages\/21","targetHints":{"allow":["GET"]}}],"collection":[{"href":"https:\/\/vm-weblerma.obspm.fr\/api-ska\/wp-json\/wp\/v2\/pages"}],"about":[{"href":"https:\/\/vm-weblerma.obspm.fr\/api-ska\/wp-json\/wp\/v2\/types\/page"}],"author":[{"embeddable":true,"href":"https:\/\/vm-weblerma.obspm.fr\/api-ska\/wp-json\/wp\/v2\/users\/47"}],"replies":[{"embeddable":true,"href":"https:\/\/vm-weblerma.obspm.fr\/api-ska\/wp-json\/wp\/v2\/comments?post=21"}],"version-history":[{"count":6,"href":"https:\/\/vm-weblerma.obspm.fr\/api-ska\/wp-json\/wp\/v2\/pages\/21\/revisions"}],"predecessor-version":[{"id":66,"href":"https:\/\/vm-weblerma.obspm.fr\/api-ska\/wp-json\/wp\/v2\/pages\/21\/revisions\/66"}],"wp:attachment":[{"href":"https:\/\/vm-weblerma.obspm.fr\/api-ska\/wp-json\/wp\/v2\/media?parent=21"}],"curies":[{"name":"wp","href":"https:\/\/api.w.org\/{rel}","templated":true}]}}