{"id":49,"date":"2023-10-26T15:54:36","date_gmt":"2023-10-26T13:54:36","guid":{"rendered":"https:\/\/vm-weblerma.obspm.fr\/api-ska\/?page_id=49"},"modified":"2023-10-26T18:34:39","modified_gmt":"2023-10-26T16:34:39","slug":"action-pluriannuelle-incitative","status":"publish","type":"page","link":"https:\/\/vm-weblerma.obspm.fr\/api-ska\/action-pluriannuelle-incitative\/","title":{"rendered":"Action Pluriannuelle Incitative: objectifs et p\u00e9rim\u00e8tre d&rsquo;action"},"content":{"rendered":"\n<p>L&rsquo;Observatoire de Paris propose une Action Incitative dont l\u2019objectif consiste \u00e0 pr\u00e9parer la participation de la communaut\u00e9 fran\u00e7aise \u00e0 SKA, en soutenant sur les plans scientifiques et techniques, des chercheurs et projets de l\u2019OP dans l\u2019exploitation des donn\u00e9es produites par ses pr\u00e9curseurs et \u00e9claireurs de SKA, et dans la pr\u00e9paration \u00e0 sa mise en fonctionnement. Les projets et actions s\u2019alignant sur ces objectifs, sont financ\u00e9s sur un appel d\u2019offre pluriannuel. L\u2019AI soutient plus sp\u00e9cifiquement:<\/p>\n\n\n\n<ul class=\"wp-block-list\">\n<li>Les projets visant \u00e0 exploiter les donn\u00e9es produites par les t\u00e9lescopes NenuFAR, LOFAR, et MeerKAT dans lesquels l\u2019Observatoire est d\u00e9j\u00e0 tr\u00e8s impliqu\u00e9, ainsi que la participation des chercheurs au divers \u201cSKA <em>Science Working Groups<\/em>\u201d et aux conf\u00e9rences et <em>workshops<\/em> associ\u00e9s.&nbsp;<\/li>\n\n\n\n<li>Les projets les projets \u201ccalculs HPC\u201d ou qui facilitent l\u2019acc\u00e8s aux donn\u00e9es produites par les pr\u00e9curseurs de SKA aux utilisateurs mais \u00e9galement vers la communaut\u00e9 nationale et internationale<\/li>\n\n\n\n<li>Le d\u00e9veloppement de m\u00e9thodes pour le traitement du signal radio \u00e0 diff\u00e9rents niveaux comme par exemple le chronom\u00e9trage des pulsars, l\u2019\u00e9talonnage et l\u2019imagerie, l\u2019analyse des cubes de donn\u00e9es (en coordination avec MINERVA &#8211; laur\u00e9ate du SKA data challenge #2) pour la cosmologie observationnelle.<\/li>\n\n\n\n<li>Les actions faisant intervenir les partenaires de l\u2019AI et qui apportent leur expertise reconnue dans les activit\u00e9s de d\u00e9veloppement de SKA sur ses sites (expertise \u201ctemps-fr\u00e9quence\u201d du SYRTE pour la m\u00e9trologie et synchronisation des capteurs par exemple).&nbsp;<\/li>\n\n\n\n<li>Les ateliers de formation \u00e0 la radioastronomie et \u00e0 l\u2019interf\u00e9rom\u00e9trie en direction des personnels scientifiques et techniques au-del\u00e0 de la communaut\u00e9 radio.&nbsp;<\/li>\n\n\n\n<li>Participation aux ateliers et conf\u00e9rences relevant directement des axes couverts par l\u2019AI. (La justification de cette participation devra \u00eatre clairement pr\u00e9sent\u00e9e: en quoi elle contribue activement \u00e0 d\u00e9velopper la communaut\u00e9 radio fran\u00e7aise, etc.)<\/li>\n<\/ul>\n","protected":false},"excerpt":{"rendered":"<p>L&rsquo;Observatoire de Paris propose une Action Incitative dont l\u2019objectif consiste \u00e0 pr\u00e9parer la participation de la communaut\u00e9 fran\u00e7aise \u00e0 SKA, en soutenant sur les plans scientifiques et techniques, des chercheurs et projets de l\u2019OP dans l\u2019exploitation des donn\u00e9es produites par &hellip; <a href=\"https:\/\/vm-weblerma.obspm.fr\/api-ska\/action-pluriannuelle-incitative\/\">Continuer la lecture <span class=\"meta-nav\">&rarr;<\/span><\/a><\/p>\n","protected":false},"author":47,"featured_media":0,"parent":0,"menu_order":0,"comment_status":"closed","ping_status":"closed","template":"","meta":{"footnotes":""},"class_list":["post-49","page","type-page","status-publish","hentry"],"_links":{"self":[{"href":"https:\/\/vm-weblerma.obspm.fr\/api-ska\/wp-json\/wp\/v2\/pages\/49","targetHints":{"allow":["GET"]}}],"collection":[{"href":"https:\/\/vm-weblerma.obspm.fr\/api-ska\/wp-json\/wp\/v2\/pages"}],"about":[{"href":"https:\/\/vm-weblerma.obspm.fr\/api-ska\/wp-json\/wp\/v2\/types\/page"}],"author":[{"embeddable":true,"href":"https:\/\/vm-weblerma.obspm.fr\/api-ska\/wp-json\/wp\/v2\/users\/47"}],"replies":[{"embeddable":true,"href":"https:\/\/vm-weblerma.obspm.fr\/api-ska\/wp-json\/wp\/v2\/comments?post=49"}],"version-history":[{"count":4,"href":"https:\/\/vm-weblerma.obspm.fr\/api-ska\/wp-json\/wp\/v2\/pages\/49\/revisions"}],"predecessor-version":[{"id":67,"href":"https:\/\/vm-weblerma.obspm.fr\/api-ska\/wp-json\/wp\/v2\/pages\/49\/revisions\/67"}],"wp:attachment":[{"href":"https:\/\/vm-weblerma.obspm.fr\/api-ska\/wp-json\/wp\/v2\/media?parent=49"}],"curies":[{"name":"wp","href":"https:\/\/api.w.org\/{rel}","templated":true}]}}