{"id":71,"date":"2023-11-07T13:33:05","date_gmt":"2023-11-07T12:33:05","guid":{"rendered":"https:\/\/vm-weblerma.obspm.fr\/api-ska\/?page_id=71"},"modified":"2026-01-22T13:41:59","modified_gmt":"2026-01-22T12:41:59","slug":"appels-doffres-en-cours","status":"publish","type":"page","link":"https:\/\/vm-weblerma.obspm.fr\/api-ska\/appels-doffres-en-cours\/","title":{"rendered":"Appels d&rsquo;offres en cours"},"content":{"rendered":"\n<p><strong><mark style=\"background-color:#f1ff00;color:#51c418\" class=\"has-inline-color\">EN COURS<\/mark><mark class=\"has-inline-color has-blue-color\"> &#8211; 1er Appel d&rsquo;offres 2026 &#8211;<\/mark><mark style=\"background-color:#fffc00;color:#53bd0d\" class=\"has-inline-color\">EN COURS<\/mark><\/strong><\/p>\n\n\n\n<p><strong>Objectifs<\/strong><br>L\u2019Action Pluriannuelle Incitative Eclaireurs et Pr\u00e9curseurs de SKA a pour objectif de pr\u00e9parer la participation de la communaut\u00e9 fran\u00e7aise \u00e0 SKA, en soutenant sur les plans scientifiques et techniques, des chercheurs et projets de l\u2019Observatoire de Paris (OP) dans l\u2019exploitation des  donn\u00e9es produites par ses pr\u00e9curseurs et \u00e9claireurs de SKA, et dans la pr\u00e9paration \u00e0 sa mise en fonctionnement. Les deux objectifs principaux visent: i) \u00e0 la structuration et la mise en coh\u00e9rence interne des activit\u00e9s men\u00e9es \u00e0 l\u2019OP et ii) y d\u00e9velopper un socle pour consolider, sur le long terme, les activit\u00e9s scientifiques \u00e0 l\u2019\u00e8re de SKA.<\/p>\n\n\n\n<p>Le budget de l\u2019AI est de <strong>30k\u20ac<\/strong>, dont <strong>6k\u20ac<\/strong> de mat\u00e9riel (calcul\/stockage mutualis\u00e9)<\/p>\n\n\n\n<p>Les demandes devront nous parvenir en utilisant le formulaire ci-joint. Les demandes sont \u00e0 envoyer avant le <strong>Vendredi 6 f\u00e9vrier 2026 <\/strong> avant minuit \u00e0 <a href=\"mailto:cyril.tasse@obspm.fr\">cyril.tasse@obspm.fr <\/a>et <a href=\"mailto:julien.girard@obspm.fr\">julien.girard@obspm.fr<\/a> en utilisant le formulaire ci-joint (2 pages maximum). N&rsquo;h\u00e9sitez pas \u00e0 contacter le bureau de l\u2019AI (bureau.api.ska@sympa.obspm.fr) pour discuter de l\u2019ad\u00e9quation de votre projet aux axes de l\u2019AI.<\/p>\n\n\n\n<div class=\"wp-block-buttons is-layout-flex wp-block-buttons-is-layout-flex\">\n<div class=\"wp-block-button\"><a class=\"wp-block-button__link wp-element-button\" href=\"https:\/\/share.obspm.fr\/s\/QeQNMJXMA6ee5FJ\">1er appel d&rsquo;offres 2026 (PDF)<\/a><\/div>\n\n\n\n<div class=\"wp-block-button\"><a class=\"wp-block-button__link wp-element-button\" href=\"https:\/\/share.obspm.fr\/s\/idk2j7ejiQHWKwD\">Formulaire<\/a><\/div>\n<\/div>\n\n\n\n<p><strong><mark style=\"background-color:#f1ff00;color:#51c418\" class=\"has-inline-color\"><strong><mark style=\"background-color:#f1ff00;color:#f40202\" class=\"has-inline-color\">TERMINE<\/mark><\/strong><\/mark><mark class=\"has-inline-color has-blue-color\"> &#8211; 2\u00e8me Appel d&rsquo;offres 2025 (Reliquats) &#8211;<\/mark><mark style=\"background-color:#fffc00;color:#53bd0d\" class=\"has-inline-color\"><strong><mark style=\"background-color:#f1ff00;color:#f40202\" class=\"has-inline-color\">TERMINE<\/mark><\/strong><\/mark><\/strong><\/p>\n\n\n\n<p><strong>Objectifs<\/strong><br>L\u2019Action Pluriannuelle Incitative Eclaireurs et Pr\u00e9curseurs de SKA a pour objectif de pr\u00e9parer la participation de la communaut\u00e9 fran\u00e7aise \u00e0 SKA, en soutenant sur les plans scientifiques et techniques, des chercheurs et projets de l\u2019Observatoire de Paris (OP) dans l\u2019exploitation des  donn\u00e9es produites par ses pr\u00e9curseurs et \u00e9claireurs de SKA, et dans la pr\u00e9paration \u00e0 sa mise en fonctionnement. Les deux objectifs principaux visent: i) \u00e0 la structuration et la mise en coh\u00e9rence interne des activit\u00e9s men\u00e9es \u00e0 l\u2019OP et ii) y d\u00e9velopper un socle pour consolider, sur le long terme, les activit\u00e9s scientifiques \u00e0 l\u2019\u00e8re de SKA.<\/p>\n\n\n\n<p>Le budget de l\u2019AI (reliquat) est de <strong>3800\u20ac<\/strong>.<\/p>\n\n\n\n<p>Les demandes devront nous parvenir en utilisant le formulaire ci-joint. Les demandes sont \u00e0 envoyer avant le <strong>Vendredi 25 juillet 2025 <\/strong> \u00e0 midi \u00e0 <a href=\"mailto:cyril.tasse@obspm.fr\">cyril.tasse@obspm.fr <\/a>et <a href=\"mailto:julien.girard@obspm.fr\">julien.girard@obspm.fr<\/a> en utilisant le formulaire ci-joint (2 pages maximum). N&rsquo;h\u00e9sitez pas \u00e0 contacter le bureau de l\u2019AI (bureau.api.ska@sympa.obspm.fr) pour discuter de l\u2019ad\u00e9quation de votre projet aux axes de l\u2019AI.<\/p>\n\n\n\n<div class=\"wp-block-buttons is-layout-flex wp-block-buttons-is-layout-flex\">\n<div class=\"wp-block-button\"><a class=\"wp-block-button__link wp-element-button\" href=\"https:\/\/share.obspm.fr\/s\/TiQp2bDxHTLrYLP\">2nd appel d&rsquo;offre 2025 (PDF)<\/a><\/div>\n\n\n\n<div class=\"wp-block-button\"><a class=\"wp-block-button__link wp-element-button\" href=\"https:\/\/share.obspm.fr\/s\/LcJRyRZNQsirCEK\">Formulaire (.odt)<\/a><\/div>\n<\/div>\n\n\n\n<p class=\"has-text-color has-link-color wp-elements-5a240278ddb110a3b721c7673d3fbca5\" style=\"color:#3a9226\"><strong><mark style=\"background-color:#f1ff00;color:#a32a2a\" class=\"has-inline-color\">TERMINE<\/mark><mark class=\"has-inline-color has-black-color\">  &#8211; 1er Appel d&rsquo;offres 2025 &#8211; <\/mark><mark style=\"background-color:#f1ff00;color:#f40202\" class=\"has-inline-color\">TERMINE<\/mark><mark style=\"color:#24a23f\" class=\"has-inline-color\"> <\/mark><\/strong><\/p>\n\n\n\n<p><strong>Objectifs<\/strong><br>L\u2019Action Pluriannuelle Incitative Eclaireurs et Pr\u00e9curseurs de SKA a pour objectif de pr\u00e9parer la participation de la communaut\u00e9 fran\u00e7aise \u00e0 SKA, en soutenant sur les plans scientifiques et techniques, des chercheurs et projets de l\u2019Observatoire de Paris (OP) dans l\u2019exploitation des  donn\u00e9es produites par ses pr\u00e9curseurs et \u00e9claireurs de SKA, et dans la pr\u00e9paration \u00e0 sa mise en fonctionnement. Les deux objectifs principaux visent: i) \u00e0 la structuration et la mise en coh\u00e9rence interne des activit\u00e9s men\u00e9es \u00e0 l\u2019OP et ii) y d\u00e9velopper un socle pour consolider, sur le long terme, les activit\u00e9s scientifiques \u00e0 l\u2019\u00e8re de SKA.<\/p>\n\n\n\n<p>Le budget de l\u2019AI est de <strong>30k\u20ac<\/strong> par an dont <strong>6k\u20ac<\/strong> de mat\u00e9riel (calcul\/stockage mutualis\u00e9).<\/p>\n\n\n\n<p>Les demandes devront nous parvenir en utilisant le formulaire ci-joint. Les demandes sont \u00e0 envoyer avant le <strong>Lundi 3 f\u00e9vrier 2025 <\/strong> \u00e0 midi \u00e0 <a href=\"mailto:cyril.tasse@obspm.fr\">cyril.tasse@obspm.fr <\/a>et <a href=\"mailto:julien.girard@obspm.fr\">julien.girard@obspm.fr<\/a> en utilisant le formulaire ci-joint (2 pages maximum). N&rsquo;h\u00e9sitez pas \u00e0 contacter le bureau de l\u2019AI (bureau.api.ska@sympa.obspm.fr) pour discuter de l\u2019ad\u00e9quation de votre projet aux axes de l\u2019AI.<\/p>\n\n\n\n<div class=\"wp-block-buttons is-layout-flex wp-block-buttons-is-layout-flex\">\n<div class=\"wp-block-button\"><a class=\"wp-block-button__link wp-element-button\" href=\"https:\/\/share.obspm.fr\/s\/8xRYSHDN77sgwxg\">1er appel d&rsquo;offre 2025 (PDF)<\/a><\/div>\n\n\n\n<div class=\"wp-block-button\"><a class=\"wp-block-button__link wp-element-button\" href=\"https:\/\/share.obspm.fr\/s\/Ka4DBDG7eRRiaQB\">Formulaire (.odt)<\/a><\/div>\n<\/div>\n\n\n\n<p><strong><mark style=\"color:#bd0d0d\" class=\"has-inline-color\">&#8211; TERMINE<\/mark> &#8211; 2\u00e8me Appel d&rsquo;offre 2024 (Reliquats) &#8211; <mark style=\"color:#bd0d0d\" class=\"has-inline-color\"> TERMINE<\/mark><\/strong><\/p>\n\n\n\n<p><strong>Objectifs<\/strong><br>L\u2019Action Pluriannuelle Incitative Eclaireurs et Pr\u00e9curseurs de SKA a pour objectif de pr\u00e9parer la participation de la communaut\u00e9 fran\u00e7aise \u00e0 SKA, en soutenant sur les plans scientifiques et techniques, des chercheurs et projets de l\u2019Observatoire de Paris (OP) dans l\u2019exploitation des  donn\u00e9es produites par ses pr\u00e9curseurs et \u00e9claireurs de SKA, et dans la pr\u00e9paration \u00e0 sa mise en fonctionnement. Les deux objectifs principaux visent: i) \u00e0 la structuration et la mise en coh\u00e9rence interne des activit\u00e9s men\u00e9es \u00e0 l\u2019OP et ii) y d\u00e9velopper un socle pour consolider, sur le long terme, les activit\u00e9s scientifiques \u00e0 l\u2019\u00e8re de SKA.<\/p>\n\n\n\n<p>Le budget de l\u2019AI (reliquat) est de <strong>4500\u20ac<\/strong> (fonctionnement seulement).<br><\/p>\n\n\n\n<p>Les demandes devront nous parvenir en utilisant le formulaire ci-joint. Les demandes sont \u00e0 envoyer avant le <strong>mardi 22 octobre 2024<\/strong> \u00e0 midi \u00e0 <a href=\"mailto:cyril.tasse@obspm.fr\">cyril.tasse@obspm.fr <\/a>et <a href=\"mailto:julien.girard@obspm.fr\">julien.girard@obspm.fr<\/a> en utilisant le formulaire ci-joint (2 pages maximum). N&rsquo;h\u00e9sitez pas \u00e0 contacter le bureau de l\u2019AI (bureau.api.ska@sympa.obspm.fr) pour discuter de l\u2019ad\u00e9quation de votre projet aux axes de l\u2019AI.<\/p>\n\n\n\n<div class=\"wp-block-buttons is-layout-flex wp-block-buttons-is-layout-flex\">\n<div class=\"wp-block-button\"><a class=\"wp-block-button__link wp-element-button\" href=\"https:\/\/share.obspm.fr\/s\/526BNiqWy9FHcNY\">2nd appel d&rsquo;offre 2024 (PDF)<\/a><\/div>\n\n\n\n<div class=\"wp-block-button\"><a class=\"wp-block-button__link wp-element-button\" href=\"https:\/\/share.obspm.fr\/s\/Q5HMJF2Hgn3yxAn\">Formulaire (.odt)<\/a><\/div>\n<\/div>\n\n\n\n<p><mark style=\"background-color:#e00000\" class=\"has-inline-color\"> &#8211; <strong>TERMINE<\/strong><\/mark> <strong><mark style=\"background-color:#f9ff00\" class=\"has-inline-color\">1er Appel d&rsquo;offres 2024<\/mark><\/strong><mark style=\"background-color:#e00000\" class=\"has-inline-color\"> &#8211; <strong>TERMINE<\/strong><\/mark><\/p>\n\n\n\n<ul class=\"wp-block-list\">\n<li><strong>Actions couvertes par l&rsquo;appel d\u2019offre<\/strong><br>Les projets et actions s\u2019alignant sur les objectifs recens\u00e9s pr\u00e9c\u00e9demment, sont financ\u00e9s sur un appel d\u2019offre annuel. L\u2019AI soutiendra plus sp\u00e9cifiquement:<br>\u25cf Les projets visant \u00e0 exploiter les donn\u00e9es produites par les t\u00e9lescopes NenuFAR, LOFAR, et MeerKAT dans lesquels l\u2019Observatoire est d\u00e9j\u00e0 tr\u00e8s impliqu\u00e9, ainsi que la participation des chercheurs au divers \u201cSKA Science Working Groups\u201d et aux conf\u00e9rences et workshops associ\u00e9s.<br>\u25cf Les projets les projets \u201ccalculs HPC\u201d ou qui facilitent l\u2019acc\u00e8s aux donn\u00e9es produites par les<br>pr\u00e9curseurs de SKA aux utilisateurs mais \u00e9galement vers la communaut\u00e9 nationale et internationale<br>\u25cf Le d\u00e9veloppement de m\u00e9thodes pour le traitement du signal radio \u00e0 diff\u00e9rents niveaux<br>comme par exemple le chronom\u00e9trage des pulsars, l\u2019\u00e9talonnage et l\u2019imagerie, l\u2019analyse des cubes de donn\u00e9es pour la cosmologie observationnelle.<br>\u25cf Les actions faisant intervenir les partenaires de l\u2019AI et qui apportent leur expertise reconnue dans les activit\u00e9s de d\u00e9veloppement de SKA sur ses sites (expertise \u201ctemps-fr\u00e9quence\u201d du SYRTE pour la m\u00e9trologie et synchronisation des capteurs par exemple).<br>\u25cf Les ateliers de formation \u00e0 la radioastronomie et \u00e0 l\u2019interf\u00e9rom\u00e9trie en direction des personnels scientifiques et techniques au-del\u00e0 de la communaut\u00e9 radio.<br>\u25cf Participation aux ateliers et conf\u00e9rences relevant directement des axes couverts par l\u2019AI. (La justification de cette participation devra \u00eatre clairement pr\u00e9sent\u00e9e: en quoi elle contribue activement \u00e0 d\u00e9velopper la communaut\u00e9 radio fran\u00e7aise, etc.)<br><\/li>\n\n\n\n<li><strong>Objectifs<\/strong><br>L\u2019Action Pluriannuelle Incitative Eclaireurs et Pr\u00e9curseurs de SKA a pour objectif de pr\u00e9parer la participation de la communaut\u00e9 fran\u00e7aise \u00e0 SKA, en soutenant sur les plans scientifiques et techniques, des chercheurs et projets de l\u2019Observatoire de Paris (OP) dans l\u2019exploitation des  donn\u00e9es produites par ses pr\u00e9curseurs et \u00e9claireurs de SKA, et dans la pr\u00e9paration \u00e0 sa mise en fonctionnement. Les deux objectifs principaux visent: i) \u00e0 la structuration et la mise en coh\u00e9rence interne des activit\u00e9s men\u00e9es \u00e0 l\u2019OP et ii) y d\u00e9velopper un socle pour consolider, sur le long terme, les activit\u00e9s scientifiques \u00e0 l\u2019\u00e8re de SKA.<\/li>\n\n\n\n<li><strong>Actions couvertes par l&rsquo;appel d\u2019offre<\/strong><br>Les projets et actions s\u2019alignant sur les objectifs recens\u00e9s pr\u00e9c\u00e9demment, sont financ\u00e9s sur un appel d\u2019offre annuel. L\u2019AI soutiendra plus sp\u00e9cifiquement:<br>\u25cf Les projets visant \u00e0 exploiter les donn\u00e9es produites par les t\u00e9lescopes NenuFAR, LOFAR, et MeerKAT dans lesquels l\u2019Observatoire est d\u00e9j\u00e0 tr\u00e8s impliqu\u00e9, ainsi que la participation des chercheurs au divers \u201cSKA Science Working Groups\u201d et aux conf\u00e9rences et workshops associ\u00e9s.<br>\u25cf Les projets les projets \u201ccalculs HPC\u201d ou qui facilitent l\u2019acc\u00e8s aux donn\u00e9es produites par les<br>pr\u00e9curseurs de SKA aux utilisateurs mais \u00e9galement vers la communaut\u00e9 nationale et internationale<br>\u25cf Le d\u00e9veloppement de m\u00e9thodes pour le traitement du signal radio \u00e0 diff\u00e9rents niveaux<br>comme par exemple le chronom\u00e9trage des pulsars, l\u2019\u00e9talonnage et l\u2019imagerie, l\u2019analyse des cubes de donn\u00e9es pour la cosmologie observationnelle.<br>\u25cf Les actions faisant intervenir les partenaires de l\u2019AI et qui apportent leur expertise reconnue dans les activit\u00e9s de d\u00e9veloppement de SKA sur ses sites (expertise \u201ctemps-fr\u00e9quence\u201d du SYRTE pour la m\u00e9trologie et synchronisation des capteurs par exemple).<br>\u25cf Les ateliers de formation \u00e0 la radioastronomie et \u00e0 l\u2019interf\u00e9rom\u00e9trie en direction des personnels scientifiques et techniques au-del\u00e0 de la communaut\u00e9 radio.<br>\u25cf Participation aux ateliers et conf\u00e9rences relevant directement des axes couverts par l\u2019AI. (La justification de cette participation devra \u00eatre clairement pr\u00e9sent\u00e9e: en quoi elle contribue activement \u00e0 d\u00e9velopper la communaut\u00e9 radio fran\u00e7aise, etc.)<br><\/li>\n\n\n\n<li>Le budget de l\u2019AI est de <strong>30 kEuros par an, dont 6 kEuros de mat\u00e9riel (calcul\/stockag<\/strong>e mutualis\u00e9).<br><\/li>\n<\/ul>\n\n\n\n<p>Les demandes devront nous parvenir en utilisant le formulaire ci-joint. Les demandes sont \u00e0 envoyer avant le <strong>Mardi 6 f\u00e9vrier 2024<\/strong> \u00e0 midi \u00e0 <a href=\"mailto:cyril.tasse@obspm.fr\">cyril.tasse@obspm.fr <\/a>et <a href=\"mailto:julien.girard@obspm.fr\">julien.girard@obspm.fr<\/a> en utilisant le formulaire ci-joint (2 pages maximum). N&rsquo;h\u00e9sitez pas \u00e0 contacter le bureau de l\u2019AI (bureau.api.ska@sympa.obspm.fr) pour discuter de l\u2019ad\u00e9quation de votre projet aux axes de l\u2019AI.<\/p>\n\n\n\n<div class=\"wp-block-buttons is-layout-flex wp-block-buttons-is-layout-flex\">\n<div class=\"wp-block-button\"><a class=\"wp-block-button__link wp-element-button\" href=\"https:\/\/share.obspm.fr\/s\/s3gr4mPGXRTbMTp\">Appel d&rsquo;offre 2024 (PDF)<\/a><\/div>\n\n\n\n<div class=\"wp-block-button\"><a class=\"wp-block-button__link wp-element-button\" href=\"https:\/\/share.obspm.fr\/s\/qxGbLwfzBAoz7Kc\">Formulaire (.odt)<\/a><\/div>\n<\/div>\n\n\n\n<p><mark style=\"background-color:#e00000\" class=\"has-inline-color\"><strong><strong>TERMINE<\/strong><\/strong>&#8211; A<strong>ppel d&rsquo;offres \u00ab\u00a0Stages\u00a0\u00bb 2024<\/strong> &#8211; <strong>TERMINE<\/strong><\/mark><\/p>\n\n\n\n<p>L\u2019Action Pluriannuelle Incitative Eclaireurs et Pr\u00e9curseurs de SKA a pour objectif de pr\u00e9parer la participation de la communaut\u00e9 fran\u00e7aise \u00e0 SKA, en soutenant sur les plans scientifiques et techniques, des chercheurs et projets de l\u2019Observatoire de Paris (OP) dans l\u2019exploitation des donn\u00e9es produites par ses pr\u00e9curseurs et \u00e9claireurs de SKA, et dans la pr\u00e9paration \u00e0 sa mise en fonctionnement. Les deux objectifs principaux visent: i) \u00e0 la structuration et la mise en coh\u00e9rence interne des activit\u00e9s men\u00e9es \u00e0 l\u2019OP et ii) y d\u00e9velopper un socle pour consolider, sur le long terme, les activit\u00e9s scientifiques \u00e0 l\u2019\u00e8re de SKA.&nbsp;<\/p>\n\n\n\n<p><\/p>\n\n\n\n<p>Le pr\u00e9sent appel d\u2019offre vise \u00e0 attribuer une partie ou la totalit\u00e9 des <strong>5 kEuros de l\u2019enveloppe 2024 <\/strong>de l\u2019API pour l\u2019encadrement de stages \u00e9tudiants, s\u2019alignant sur les objectifs recens\u00e9s pr\u00e9c\u00e9demment. L\u2019API soutiendra plus sp\u00e9cifiquement, (i) les projets visant \u00e0 exploiter les donn\u00e9es produites par les t\u00e9lescopes NenuFAR, LOFAR, et MeerKAT dans lesquels l\u2019Observatoire est d\u00e9j\u00e0 tr\u00e8s impliqu\u00e9, (ii) les projets qui facilitent l\u2019acc\u00e8s aux donn\u00e9es produites par les pr\u00e9curseurs de SKA aux utilisateurs mais \u00e9galement vers la communaut\u00e9 nationale et internationale (VO, SRC, CDN+PADC, principes FAIR auxquels l\u2019OP souscrit), (iii) le d\u00e9veloppement de m\u00e9thodes pour le traitement du signal radio \u00e0 diff\u00e9rents niveaux comme par exemple le chronom\u00e9trage des pulsars, l\u2019\u00e9talonnage et l\u2019imagerie, l\u2019analyse des cubes de donn\u00e9es pour la cosmologie observationnelle, (iv) les projets fl\u00e9ch\u00e9s \u201ccalculs HPC\u201d (avec MESOPSL, GENCI\/IDRIS), ou (v) les actions faisant intervenir les partenaires de l\u2019API apportant leur expertise reconnue dans les activit\u00e9s de d\u00e9veloppement de SKA sur ses sites (par exemple, l\u2019expertise \u201ctemps-fr\u00e9quence\u201d du SYRTE pour la m\u00e9trologie et synchronisation des capteurs, ainsi que son expertise \u201cespace\u201d pour la g\u00e9od\u00e9sie des sites africain et australien dans le contexte d\u2019applications VLBI)<\/p>\n\n\n\n<p>Les demandes sont \u00e0 envoyer <strong>avant le mercredi 13 d\u00e9cembre 2023 \u00e0 midi <\/strong>\u00e0 cyril.tasse@obspm.fr et julien.girard@obspm.fr en utilisant le formulaire ci-joint (2 pages maximum). N&rsquo;h\u00e9sitez pas \u00e0 contacter le bureau de l\u2019AI (bureau.api.ska@sympa.obspm.fr) pour toute question.<\/p>\n\n\n\n<div class=\"wp-block-buttons is-layout-flex wp-block-buttons-is-layout-flex\">\n<div class=\"wp-block-button\"><a class=\"wp-block-button__link wp-element-button\" href=\"https:\/\/share.obspm.fr\/s\/GJDM2MrQWnTZCxB\">Appel d&rsquo;offre \u00ab\u00a0Stages\u00a0\u00bb 2024 (PDF)<\/a><\/div>\n\n\n\n<div class=\"wp-block-button\"><a class=\"wp-block-button__link wp-element-button\" href=\"https:\/\/share.obspm.fr\/s\/EFpxALmSjdAwMei\">Formulaire (.docx)<\/a><\/div>\n<\/div>\n\n\n\n<p><\/p>\n","protected":false},"excerpt":{"rendered":"<p>EN COURS &#8211; 1er Appel d&rsquo;offres 2026 &#8211;EN COURS ObjectifsL\u2019Action Pluriannuelle Incitative Eclaireurs et Pr\u00e9curseurs de SKA a pour objectif de pr\u00e9parer la participation de la communaut\u00e9 fran\u00e7aise \u00e0 SKA, en soutenant sur les plans scientifiques et techniques, des chercheurs &hellip; <a href=\"https:\/\/vm-weblerma.obspm.fr\/api-ska\/appels-doffres-en-cours\/\">Continuer la lecture <span class=\"meta-nav\">&rarr;<\/span><\/a><\/p>\n","protected":false},"author":48,"featured_media":0,"parent":0,"menu_order":0,"comment_status":"closed","ping_status":"closed","template":"","meta":{"footnotes":""},"class_list":["post-71","page","type-page","status-publish","hentry"],"_links":{"self":[{"href":"https:\/\/vm-weblerma.obspm.fr\/api-ska\/wp-json\/wp\/v2\/pages\/71","targetHints":{"allow":["GET"]}}],"collection":[{"href":"https:\/\/vm-weblerma.obspm.fr\/api-ska\/wp-json\/wp\/v2\/pages"}],"about":[{"href":"https:\/\/vm-weblerma.obspm.fr\/api-ska\/wp-json\/wp\/v2\/types\/page"}],"author":[{"embeddable":true,"href":"https:\/\/vm-weblerma.obspm.fr\/api-ska\/wp-json\/wp\/v2\/users\/48"}],"replies":[{"embeddable":true,"href":"https:\/\/vm-weblerma.obspm.fr\/api-ska\/wp-json\/wp\/v2\/comments?post=71"}],"version-history":[{"count":35,"href":"https:\/\/vm-weblerma.obspm.fr\/api-ska\/wp-json\/wp\/v2\/pages\/71\/revisions"}],"predecessor-version":[{"id":144,"href":"https:\/\/vm-weblerma.obspm.fr\/api-ska\/wp-json\/wp\/v2\/pages\/71\/revisions\/144"}],"wp:attachment":[{"href":"https:\/\/vm-weblerma.obspm.fr\/api-ska\/wp-json\/wp\/v2\/media?parent=71"}],"curies":[{"name":"wp","href":"https:\/\/api.w.org\/{rel}","templated":true}]}}