{"id":18,"date":"2015-12-21T14:57:03","date_gmt":"2015-12-21T13:57:03","guid":{"rendered":"http:\/\/vm-wordpress-lerma01.obspm.fr\/faires\/?page_id=18"},"modified":"2023-01-29T21:10:39","modified_gmt":"2023-01-29T20:10:39","slug":"cv","status":"publish","type":"page","link":"https:\/\/vm-weblerma.obspm.fr\/faires\/cv\/","title":{"rendered":"CV"},"content":{"rendered":"<p><u><strong>PROFESIONNAL EXPERIENCE:<\/strong><\/u><\/p>\n<ul>\n<li>Since August 2015: &#8220;Directeur de Recherche au CNRS&#8221; au <a href=\"http:\/\/www.obspm.fr\/\">Laboratoire d&#8217;Etude du Rayonnement et de la Mati\u00e8re en Astrophysique et Atmosphere<\/a>, Observatoire de Paris, Paris, France<\/li>\n<li>Since January 2013: &#8220;Adjunct research scientist&#8221; \u00e0 la\u00a0<a href=\"http:\/\/www.columbia.edu\/\">Columbia University<\/a>, New York, USA<\/li>\n<li>2009-2015: Mis-\u00e0-disposition par le CNRS au sein de la startup\u00a0<a href=\"http:\/\/www.estellus.fr\/\">Estellus<\/a> (Pr\u00e9sident et co-fondateur), Paris, France<\/li>\n<li>2008-2015: Associ\u00e9 au\u00a0<a href=\"http:\/\/www.lerma.obspm.fr\/\">LERMA<\/a>\u00a0de l&#8217;<a href=\"http:\/\/www.obspm.fr\/\">Observation de Paris<\/a>, Paris, France<\/li>\n<li>2003-2015: Charg\u00e9 de recherche au\u00a0<a href=\"http:\/\/www.cnrs.fr\/\">CNRS<\/a>, France<\/li>\n<li>2002-2003: Associate research scientist at\u00a0<a href=\"http:\/\/www.giss.nasa.gov\/\">Goddard Institute for Space Studies<\/a>\u00a0&#8211;\u00a0<a href=\"http:\/\/www.nasa.gov\/\">NASA<\/a>\u00a0\/\u00a0<a href=\"http:\/\/www.columbia.edu\/\">Columbia University<\/a>, New York, USA<\/li>\n<li>1999-2001: Post-doct at <a href=\"http:\/\/www.giss.nasa.gov\/\">Goddard Institute for Space Studies<\/a>\u00a0&#8211;\u00a0<a href=\"http:\/\/www.nasa.gov\/\">NASA<\/a>\u00a0\/\u00a0<a href=\"http:\/\/www.columbia.edu\/\">Columbia University<\/a>, New York, USA<\/li>\n<li>1996: Scientifique du contingent au\u00a0<a href=\"http:\/\/www.lps.ens.fr\/\">Laboratoire de Physique Statistique<\/a>\u00a0de l&#8217;<a href=\"http:\/\/www.ens.fr\/\">Ecole Normale Sup\u00e9<\/a>rieure, Paris, France<\/li>\n<li>1994-1999: PhD at\u00a0<a href=\"http:\/\/www.lmd.jussieu.fr\/\">LMD<\/a>,\u00a0<a href=\"http:\/\/www.polytechnique.edu\/\">Ecole Polytechnique<\/a>, Palaiseau, France<\/li>\n<\/ul>\n<p><u><strong>EDUCATION:<\/strong><\/u><\/p>\n<ul>\n<li>2012, Habilitation \u00e0 Diriger des Recherches, Universit\u00e9 Pierre et Marie Curie<\/li>\n<li>2001, M.A., Mathematics of Finance, Columbia University<\/li>\n<li>1999, PhD, Statistics, Universit\u00e9 Paris\/Dauphine<\/li>\n<li>1994, DEA, Mod\u00e9lisation Stochastique, Universit\u00e9 Paris\/Orsay<\/li>\n<li>1993, Maitrise, Applied Mathematics, Universite Orl\u00e9ans<\/li>\n<li>1991, DEUG Science &#8211; option physique, Universit\u00e9 Orl\u00e9ans<\/li>\n<li>1989, Baccalaur\u00e9at C, Orl\u00e9ans<\/li>\n<\/ul>\n<h2><u><strong>PhD Students:<\/strong><\/u><\/h2>\n<ol>\n<li><strong>Eulalie BOUCHER<\/strong> (supervisor) \/ 2021-2024 \/ Deep learning for IASI retrievals<\/li>\n<li><strong>Matthew HEBERGER<\/strong> (supervisor) \/ 2020-2023 \/ Water cycle using AI<\/li>\n<li><strong>Thu Hang NGUYEN<\/strong> (supervisor) \/ 2019-2023 \/ Inundations globales \u00e0 haute r\u00e9solution spatiale par observation satellite<\/li>\n<li><strong>Thi Lan Anh DINH<\/strong> (supervisor) \/ 2019-2022 \/ Coffee yield simulation using statistical and machine learning models &#8211; From the monitoring, to the seasonal and climate forecasting<\/li>\n<li><strong>Lise KILIK<\/strong>\u00a0(co-supervisor) \/ 2017-2019 \/ Inversion de param\u00e8tres de surface oc\u00e9anique (temp\u00e9rature, salinit\u00e9) et de la concentration en glace \u00e0 partir des futures mesures de la mission CIMR.<\/li>\n<li><strong>Victor PELLET<\/strong>\u00a0(supervisor) \/ 2015-2018 \/ Fusion de donn\u00e9es multi-satellites pour l\u2019observation de la Terre &#8211; Application \u00e0 l\u2019\u00e9tude du cycle de l\u2019eau en M\u00e9diterran\u00e9e<\/li>\n<li><strong>Jordane MATHIEU<\/strong>\u00a0(supervisor)\u00a0\/ 2014-2017 \/ Utilisation des mod\u00e8les &#8221;Mixed Effects&#8221; pour Ia Mod\u00e9lisation des Impacts\u00a0m\u00e9t\u00e9orologiques et climatiques sur I\u2019agriculture<\/li>\n<li><strong>Binh Duc PHAM<\/strong>\u00a0(co-supervisor) \/ 2014-2017 \/ Satellite remote sensing of the variability of the continental hydrology cycle in the lower Mekong basin over the last two decades<\/li>\n<li><strong>Maxime PAUL<\/strong>\u00a0(supervisor)\u00a0\u00a0\/ 2010-2013 \/ Synergie infrarouge et micro-onde pour la restitution atmosph\u00e9rique<\/li>\n<li><strong>Fr\u00e9d\u00e9ric BERNARDO<\/strong>\u00a0(supervisor)\u00a0\/\u00a02010-2013 \/ T\u00e9l\u00e9d\u00e9tection satellite micro-onde des variables atmosph\u00e9rique et de surface<\/li>\n<li><strong>Jana KOLASSA<\/strong>\u00a0(supervisor)\u00a0\/\u00a02010-2013 \/ Soil moisture retrieval from multi-instrument satellite observations<\/li>\n<li><strong>Anais BARELLA<\/strong>\u00a0(co-supervisor)\u00a0\/\u00a02010-2013 \/ Analysis and modeling of soil moisture and evaporation processes, implications for climate change<\/li>\n<li><strong>Emmanuel CORDISCO<\/strong>\u00a0(co-supervisor)\u00a0\/ 2003-2006 \/\u00a0Etude de la synergie des observations satellites\u00a0pour la caract\u00e9risation du manteau neigeux<\/li>\n<\/ol>\n","protected":false},"excerpt":{"rendered":"<p>PROFESIONNAL EXPERIENCE: Since August 2015: &#8220;Directeur de Recherche au CNRS&#8221; au Laboratoire d&#8217;Etude du Rayonnement et de la Mati\u00e8re en Astrophysique et Atmosphere, Observatoire de Paris, Paris, France Since January 2013: &#8220;Adjunct research scientist&#8221; \u00e0 la\u00a0Columbia University, New York, USA &hellip; <a href=\"https:\/\/vm-weblerma.obspm.fr\/faires\/cv\/\">Continue reading <span class=\"meta-nav\">&rarr;<\/span><\/a><\/p>\n","protected":false},"author":21,"featured_media":0,"parent":0,"menu_order":0,"comment_status":"closed","ping_status":"closed","template":"","meta":{"footnotes":""},"class_list":["post-18","page","type-page","status-publish","hentry"],"_links":{"self":[{"href":"https:\/\/vm-weblerma.obspm.fr\/faires\/wp-json\/wp\/v2\/pages\/18","targetHints":{"allow":["GET"]}}],"collection":[{"href":"https:\/\/vm-weblerma.obspm.fr\/faires\/wp-json\/wp\/v2\/pages"}],"about":[{"href":"https:\/\/vm-weblerma.obspm.fr\/faires\/wp-json\/wp\/v2\/types\/page"}],"author":[{"embeddable":true,"href":"https:\/\/vm-weblerma.obspm.fr\/faires\/wp-json\/wp\/v2\/users\/21"}],"replies":[{"embeddable":true,"href":"https:\/\/vm-weblerma.obspm.fr\/faires\/wp-json\/wp\/v2\/comments?post=18"}],"version-history":[{"count":11,"href":"https:\/\/vm-weblerma.obspm.fr\/faires\/wp-json\/wp\/v2\/pages\/18\/revisions"}],"predecessor-version":[{"id":209,"href":"https:\/\/vm-weblerma.obspm.fr\/faires\/wp-json\/wp\/v2\/pages\/18\/revisions\/209"}],"wp:attachment":[{"href":"https:\/\/vm-weblerma.obspm.fr\/faires\/wp-json\/wp\/v2\/media?parent=18"}],"curies":[{"name":"wp","href":"https:\/\/api.w.org\/{rel}","templated":true}]}}