{"id":706,"date":"2019-07-10T11:39:20","date_gmt":"2019-07-10T09:39:20","guid":{"rendered":"http:\/\/vm-wordpress-lerma01.obspm.fr\/minerva\/?page_id=2"},"modified":"2023-11-30T16:08:34","modified_gmt":"2023-11-30T15:08:34","slug":"page-d-exemple-2","status":"publish","type":"page","link":"https:\/\/vm-weblerma.obspm.fr\/nenufar-cosmic-dawn\/page-d-exemple-2\/","title":{"rendered":"Team Members"},"content":{"rendered":"\n<ul class=\"wp-block-list\">\n<li>L\u00e9on Koopmans (<a href=\"https:\/\/www.rug.nl\/research\/kapteyn\/?lang=en\">Kapteyn<\/a>) <\/li>\n\n\n\n<li>Benoit Semelin (<a href=\"https:\/\/lerma.obspm.fr\/\">LERMA<\/a>)<\/li>\n\n\n\n<li> Florent Mertens (<a href=\"https:\/\/lerma.obspm.fr\/\">LERMA<\/a>)<\/li>\n\n\n\n<li>Dominique Aubert (<a href=\"https:\/\/astro.unistra.fr\/fr\/\">ObAS<\/a>) <\/li>\n\n\n\n<li>Rennan Barkana (<a href=\"https:\/\/physics.tau.ac.il\/astrophysics\/wise_observatory\">Tel Aviv University<\/a>)<\/li>\n\n\n\n<li> Jerome Bobin (<a href=\"https:\/\/irfu.cea.fr\/dap\/\">CEA<\/a>)<\/li>\n\n\n\n<li> Francois Boulanger (<a href=\"https:\/\/www.ens.psl.eu\/laboratoire\/laboratoire-de-physique-de-l-ecole-normale-superieure-lpens-umr8023\">LPENS<\/a>)<\/li>\n\n\n\n<li> Baptiste Cecconi (<a href=\"https:\/\/lesia.obspm.fr\/\">LESIA<\/a>)<\/li>\n\n\n\n<li> Jonathan Chardin  (<a href=\"https:\/\/astro.unistra.fr\/fr\/\">ObAS<\/a>) <\/li>\n\n\n\n<li> Aristide Doussot (<a href=\"https:\/\/lerma.obspm.fr\/\">LERMA<\/a>)(inactive) <\/li>\n\n\n\n<li>Anastasia Fialkov (<a href=\"https:\/\/www.ast.cam.ac.uk\/\" data-type=\"URL\" data-id=\"https:\/\/www.ast.cam.ac.uk\/\">Cambridge University<\/a>)<\/li>\n\n\n\n<li> Hyoyin Gan (<a href=\"https:\/\/www.rug.nl\/research\/kapteyn\/?lang=en\">Kapteyn<\/a>) <\/li>\n\n\n\n<li>Simon Gazagnes (<a href=\"https:\/\/astronomy.utexas.edu\/\">University of Texas at Austin<\/a>)<\/li>\n\n\n\n<li> Bharat Gehlot (<a href=\"https:\/\/www.rug.nl\/research\/kapteyn\/?lang=en\">Kapteyn<\/a>) <\/li>\n\n\n\n<li>Ian Hothi  (<a href=\"https:\/\/lerma.obspm.fr\/\">LERMA, <a href=\"https:\/\/www.ens.psl.eu\/laboratoire\/laboratoire-de-physique-de-l-ecole-normale-superieure-lpens-umr8023\">LPENS<\/a><\/a>)<\/li>\n\n\n\n<li>Julien Girard (<a href=\"https:\/\/lesia.obspm.fr\/\">LESIA<\/a>)<\/li>\n\n\n\n<li> Vibor Jelic (<a href=\"https:\/\/www.irb.hr\/eng\/Divisions\/Division-of-Experimental-Physics\/Laboratory-for-astroparticle-physics-and-astrophysics\">Ru\u0111er Bo\u0161kovi\u0107 Institute<\/a>)<\/li>\n\n\n\n<li> Francois Levrier (<a href=\"https:\/\/www.ens.psl.eu\/laboratoire\/laboratoire-de-physique-de-l-ecole-normale-superieure-lpens-umr8023\">LPENS<\/a>)<\/li>\n\n\n\n<li>Romain Meriot (<a href=\"https:\/\/lerma.obspm.fr\/\">LERMA<\/a>)<\/li>\n\n\n\n<li>Maaijke Mevius (<a href=\"https:\/\/www.astron.nl\/\">Astron<\/a>)<\/li>\n\n\n\n<li>Satyapan Munshi (<a href=\"https:\/\/www.rug.nl\/research\/kapteyn\/?lang=en\">Kapteyn<\/a>) <\/li>\n\n\n\n<li> Pierre Ocvirk (<a href=\"https:\/\/astro.unistra.fr\/fr\/\">ObAS<\/a>) <\/li>\n\n\n\n<li>Andr\u00e9 Offringa (<a href=\"https:\/\/www.astron.nl\/\">Astron<\/a>) <\/li>\n\n\n\n<li>Pandey Vishambhar (<a href=\"https:\/\/www.astron.nl\/\">Astron<\/a>)<\/li>\n\n\n\n<li>Mamta Pommier (<a href=\"https:\/\/cral.univ-lyon1.fr\/\">CRAL<\/a>)<\/li>\n\n\n\n<li> Millad Mouri (inactive) <\/li>\n\n\n\n<li>Cyrille Tasse (<a href=\"https:\/\/gepi.obspm.fr\/\">GEPI<\/a>) <\/li>\n\n\n\n<li>Harish Vedantham  (<a href=\"https:\/\/www.astron.nl\/\">Astron<\/a>)<\/li>\n\n\n\n<li>Sarod Yatawatta (<a href=\"https:\/\/www.astron.nl\/\">Astron<\/a>)<\/li>\n\n\n\n<li> Philippe Zarka (<a href=\"https:\/\/lesia.obspm.fr\/\">LESIA<\/a>)<\/li>\n\n\n\n<li>Saleem Zaroubi (<a href=\"https:\/\/www-e.openu.ac.il\/academic\/res-natural-sciences.html\">Open University of Israel<\/a>)<\/li>\n<\/ul>\n\n\n\n<p><\/p>\n","protected":false},"excerpt":{"rendered":"","protected":false},"author":39,"featured_media":0,"parent":0,"menu_order":0,"comment_status":"closed","ping_status":"open","template":"","meta":{"footnotes":""},"class_list":["post-706","page","type-page","status-publish","hentry"],"_links":{"self":[{"href":"https:\/\/vm-weblerma.obspm.fr\/nenufar-cosmic-dawn\/wp-json\/wp\/v2\/pages\/706","targetHints":{"allow":["GET"]}}],"collection":[{"href":"https:\/\/vm-weblerma.obspm.fr\/nenufar-cosmic-dawn\/wp-json\/wp\/v2\/pages"}],"about":[{"href":"https:\/\/vm-weblerma.obspm.fr\/nenufar-cosmic-dawn\/wp-json\/wp\/v2\/types\/page"}],"author":[{"embeddable":true,"href":"https:\/\/vm-weblerma.obspm.fr\/nenufar-cosmic-dawn\/wp-json\/wp\/v2\/users\/39"}],"replies":[{"embeddable":true,"href":"https:\/\/vm-weblerma.obspm.fr\/nenufar-cosmic-dawn\/wp-json\/wp\/v2\/comments?post=706"}],"version-history":[{"count":6,"href":"https:\/\/vm-weblerma.obspm.fr\/nenufar-cosmic-dawn\/wp-json\/wp\/v2\/pages\/706\/revisions"}],"predecessor-version":[{"id":879,"href":"https:\/\/vm-weblerma.obspm.fr\/nenufar-cosmic-dawn\/wp-json\/wp\/v2\/pages\/706\/revisions\/879"}],"wp:attachment":[{"href":"https:\/\/vm-weblerma.obspm.fr\/nenufar-cosmic-dawn\/wp-json\/wp\/v2\/media?parent=706"}],"curies":[{"name":"wp","href":"https:\/\/api.w.org\/{rel}","templated":true}]}}